{"id":1665,"date":"2026-02-23T12:23:20","date_gmt":"2026-02-23T15:23:20","guid":{"rendered":"https:\/\/hospitalsanroque.gob.ar\/?page_id=1665"},"modified":"2026-02-23T12:39:21","modified_gmt":"2026-02-23T15:39:21","slug":"envianos-tu-cv","status":"publish","type":"page","link":"https:\/\/hospitalsanroque.gob.ar\/index.php\/envianos-tu-cv\/","title":{"rendered":"Envianos tu CV"},"content":{"rendered":"\t\t<div data-elementor-type=\"wp-page\" data-elementor-id=\"1665\" class=\"elementor elementor-1665\">\n\t\t\t\t<div class=\"elementor-element elementor-element-517004c9 e-flex e-con-boxed e-con e-parent\" data-id=\"517004c9\" data-element_type=\"container\" data-e-type=\"container\">\n\t\t\t\t\t<div class=\"e-con-inner\">\n\t\t\t\t<div class=\"elementor-element elementor-element-44ea7f61 elementor-widget elementor-widget-text-editor\" data-id=\"44ea7f61\" data-element_type=\"widget\" data-e-type=\"widget\" data-widget_type=\"text-editor.default\">\n\t\t\t\t<div class=\"elementor-widget-container\">\n\t\t\t\t\t\t\t\t\t<hr class=\"wp-block-separator has-alpha-channel-opacity\" \/>\n<p><!-- \/wp:separator --><!-- wp:paragraph --><\/p>\n<p>Si te interesar\u00eda ser considerado\/a ante una eventual necesidad de contrataci\u00f3n, por favor,\u00a0<em><strong>carg\u00e1 tus datos y tu CV en este formulario:<\/strong><\/em><\/p>\n<p><!-- \/wp:paragraph --><\/p>\t\t\t\t\t\t\t\t<\/div>\n\t\t\t\t<\/div>\n\t\t\t\t<div class=\"elementor-element elementor-element-20ae570 elementor-align-center elementor-widget elementor-widget-button\" data-id=\"20ae570\" data-element_type=\"widget\" data-e-type=\"widget\" data-widget_type=\"button.default\">\n\t\t\t\t<div class=\"elementor-widget-container\">\n\t\t\t\t\t\t\t\t\t<div class=\"elementor-button-wrapper\">\n\t\t\t\t\t<a class=\"elementor-button elementor-button-link elementor-size-sm elementor-animation-shrink\" href=\"https:\/\/docs.google.com\/forms\/d\/e\/1FAIpQLSeGMf-TBDwHVAOz4fsmGu9yYG5qwtcMAha8n07CqWIUEYtUiA\/viewform?pli=1\">\n\t\t\t\t\t\t<span class=\"elementor-button-content-wrapper\">\n\t\t\t\t\t\t<span class=\"elementor-button-icon\">\n\t\t\t\t<svg aria-hidden=\"true\" class=\"e-font-icon-svg e-far-arrow-alt-circle-up\" viewBox=\"0 0 512 512\" xmlns=\"http:\/\/www.w3.org\/2000\/svg\"><path d=\"M256 504c137 0 248-111 248-248S393 8 256 8 8 119 8 256s111 248 248 248zm0-448c110.5 0 200 89.5 200 200s-89.5 200-200 200S56 366.5 56 256 145.5 56 256 56zm20 328h-40c-6.6 0-12-5.4-12-12V256h-67c-10.7 0-16-12.9-8.5-20.5l99-99c4.7-4.7 12.3-4.7 17 0l99 99c7.6 7.6 2.2 20.5-8.5 20.5h-67v116c0 6.6-5.4 12-12 12z\"><\/path><\/svg>\t\t\t<\/span>\n\t\t\t\t\t\t\t\t\t<span class=\"elementor-button-text\">Cargar tu CV<\/span>\n\t\t\t\t\t<\/span>\n\t\t\t\t\t<\/a>\n\t\t\t\t<\/div>\n\t\t\t\t\t\t\t\t<\/div>\n\t\t\t\t<\/div>\n\t\t\t\t<div class=\"elementor-element elementor-element-1ae16df elementor-widget-divider--view-line elementor-widget elementor-widget-divider\" data-id=\"1ae16df\" data-element_type=\"widget\" data-e-type=\"widget\" data-widget_type=\"divider.default\">\n\t\t\t\t<div class=\"elementor-widget-container\">\n\t\t\t\t\t\t\t<div class=\"elementor-divider\">\n\t\t\t<span class=\"elementor-divider-separator\">\n\t\t\t\t\t\t<\/span>\n\t\t<\/div>\n\t\t\t\t\t\t<\/div>\n\t\t\t\t<\/div>\n\t\t\t\t<div class=\"elementor-element elementor-element-d481a53 elementor-widget elementor-widget-text-editor\" data-id=\"d481a53\" data-element_type=\"widget\" data-e-type=\"widget\" data-widget_type=\"text-editor.default\">\n\t\t\t\t<div class=\"elementor-widget-container\">\n\t\t\t\t\t\t\t\t\t<h3 class=\"wp-block-heading\" style=\"font-size: 1.33333rem; font-style: normal;\">Si tu intenci\u00f3n es postularte en Enfermer\u00eda<\/h3>\n<p style=\"font-size: 18px; font-style: normal; font-weight: 400;\">\n<\/p><p style=\"font-size: 18px; font-style: normal; font-weight: 400;\"><em><span style=\"font-weight: bold;\">Adem\u00e1s de completar el formulario:<\/span><\/em><br>Debes presentarte en el Departamento de Enfermer\u00eda del Hospital, entre las 8:00 y las 18:00, con:<\/p>\n<p style=\"font-size: 18px; font-style: normal; font-weight: 400;\">\n<\/p><p style=\"font-size: 18px;\">\n<\/p><ul class=\"wp-block-list\" style=\"font-size: 18px; font-style: normal; font-weight: 400;\">\n<li style=\"list-style-type: none;\">\n<ul class=\"wp-block-list\" style=\"font-size: 18px; font-style: normal; font-weight: 400;\">\n<li style=\"font-size: 18px;\">CV<\/li><li style=\"font-size: 18px;\">Matr\u00edcula<\/li><li style=\"font-size: 18px;\">Copia del T\u00eftulo<\/li><li style=\"font-size: 18px;\">Copia del DNI<\/li><li style=\"font-size: 18px;\">Certificado de Buena Conducta (vigente)<\/li><li style=\"font-size: 18px;\">Certificado de Antecedentes Penales (vigente)<\/li><li style=\"font-size: 18px;\">Certificado de Buena Salud.<\/li><\/ul><\/li><\/ul>\n<p style=\"font-size: 18px;\">\n<\/p><p style=\"font-size: 18px; font-style: normal; font-weight: 400;\">\n<\/p><p style=\"font-size: 18px; font-style: normal; font-weight: 400;\">As\u00ed tambi\u00e9n es posible conocer y hablar con los supervisores de enfermer\u00eda que te asesorar\u00e1n de la mejor manera.<\/p>\n<p style=\"font-size: 18px; font-style: normal; font-weight: 400;\">\n<\/p><p style=\"font-size: 18px; font-style: normal; font-weight: 400;\">\u00a1Gracias!<\/p>\t\t\t\t\t\t\t\t<\/div>\n\t\t\t\t<\/div>\n\t\t\t\t\t<\/div>\n\t\t\t\t<\/div>\n\t\t\t\t<\/div>\n\t\t","protected":false},"excerpt":{"rendered":"<p>Si te interesar\u00eda ser considerado\/a ante una eventual necesidad de contrataci\u00f3n, por favor,\u00a0carg\u00e1 tus datos y tu CV en este [&hellip;]<\/p>\n","protected":false},"author":4,"featured_media":0,"parent":0,"menu_order":1,"comment_status":"closed","ping_status":"closed","template":"","meta":{"site-sidebar-layout":"default","site-content-layout":"","ast-site-content-layout":"default","site-content-style":"default","site-sidebar-style":"default","ast-global-header-display":"","ast-banner-title-visibility":"","ast-main-header-display":"","ast-hfb-above-header-display":"","ast-hfb-below-header-display":"","ast-hfb-mobile-header-display":"","site-post-title":"","ast-breadcrumbs-content":"","ast-featured-img":"","footer-sml-layout":"","ast-disable-related-posts":"","theme-transparent-header-meta":"","adv-header-id-meta":"","stick-header-meta":"","header-above-stick-meta":"","header-main-stick-meta":"","header-below-stick-meta":"","astra-migrate-meta-layouts":"default","ast-page-background-enabled":"default","ast-page-background-meta":{"desktop":{"background-color":"var(--ast-global-color-5)","background-image":"","background-repeat":"repeat","background-position":"center center","background-size":"auto","background-attachment":"scroll","background-type":"","background-media":"","overlay-type":"","overlay-color":"","overlay-opacity":"","overlay-gradient":""},"tablet":{"background-color":"","background-image":"","background-repeat":"repeat","background-position":"center center","background-size":"auto","background-attachment":"scroll","background-type":"","background-media":"","overlay-type":"","overlay-color":"","overlay-opacity":"","overlay-gradient":""},"mobile":{"background-color":"","background-image":"","background-repeat":"repeat","background-position":"center center","background-size":"auto","background-attachment":"scroll","background-type":"","background-media":"","overlay-type":"","overlay-color":"","overlay-opacity":"","overlay-gradient":""}},"ast-content-background-meta":{"desktop":{"background-color":"var(--ast-global-color-4)","background-image":"","background-repeat":"repeat","background-position":"center center","background-size":"auto","background-attachment":"scroll","background-type":"","background-media":"","overlay-type":"","overlay-color":"","overlay-opacity":"","overlay-gradient":""},"tablet":{"background-color":"var(--ast-global-color-4)","background-image":"","background-repeat":"repeat","background-position":"center center","background-size":"auto","background-attachment":"scroll","background-type":"","background-media":"","overlay-type":"","overlay-color":"","overlay-opacity":"","overlay-gradient":""},"mobile":{"background-color":"var(--ast-global-color-4)","background-image":"","background-repeat":"repeat","background-position":"center center","background-size":"auto","background-attachment":"scroll","background-type":"","background-media":"","overlay-type":"","overlay-color":"","overlay-opacity":"","overlay-gradient":""}},"footnotes":""},"class_list":["post-1665","page","type-page","status-publish","hentry"],"_links":{"self":[{"href":"https:\/\/hospitalsanroque.gob.ar\/index.php\/wp-json\/wp\/v2\/pages\/1665","targetHints":{"allow":["GET"]}}],"collection":[{"href":"https:\/\/hospitalsanroque.gob.ar\/index.php\/wp-json\/wp\/v2\/pages"}],"about":[{"href":"https:\/\/hospitalsanroque.gob.ar\/index.php\/wp-json\/wp\/v2\/types\/page"}],"author":[{"embeddable":true,"href":"https:\/\/hospitalsanroque.gob.ar\/index.php\/wp-json\/wp\/v2\/users\/4"}],"replies":[{"embeddable":true,"href":"https:\/\/hospitalsanroque.gob.ar\/index.php\/wp-json\/wp\/v2\/comments?post=1665"}],"version-history":[{"count":6,"href":"https:\/\/hospitalsanroque.gob.ar\/index.php\/wp-json\/wp\/v2\/pages\/1665\/revisions"}],"predecessor-version":[{"id":1674,"href":"https:\/\/hospitalsanroque.gob.ar\/index.php\/wp-json\/wp\/v2\/pages\/1665\/revisions\/1674"}],"wp:attachment":[{"href":"https:\/\/hospitalsanroque.gob.ar\/index.php\/wp-json\/wp\/v2\/media?parent=1665"}],"curies":[{"name":"wp","href":"https:\/\/api.w.org\/{rel}","templated":true}]}}