{"id":611,"date":"2025-10-06T19:51:53","date_gmt":"2025-10-06T22:51:53","guid":{"rendered":"https:\/\/hospitalsanroque.org.ar\/?page_id=611"},"modified":"2026-01-16T13:45:55","modified_gmt":"2026-01-16T16:45:55","slug":"turnos","status":"publish","type":"page","link":"https:\/\/hospitalsanroque.gob.ar\/index.php\/turnos\/","title":{"rendered":"Turnos"},"content":{"rendered":"\t\t<div data-elementor-type=\"wp-page\" data-elementor-id=\"611\" class=\"elementor elementor-611\">\n\t\t\t\t<div class=\"elementor-element elementor-element-77565a5 e-flex e-con-boxed e-con e-parent\" data-id=\"77565a5\" data-element_type=\"container\" data-e-type=\"container\" data-settings=\"{&quot;background_background&quot;:&quot;classic&quot;}\">\n\t\t\t\t\t<div class=\"e-con-inner\">\n\t\t\t\t<div class=\"elementor-element elementor-element-beb392a elementor-widget elementor-widget-heading\" data-id=\"beb392a\" data-element_type=\"widget\" data-e-type=\"widget\" data-widget_type=\"heading.default\">\n\t\t\t\t<div class=\"elementor-widget-container\">\n\t\t\t\t\t<h2 class=\"elementor-heading-title elementor-size-default\">\u00bfC\u00f3mo saco turno?<\/h2>\t\t\t\t<\/div>\n\t\t\t\t<\/div>\n\t\t\t\t\t<\/div>\n\t\t\t\t<\/div>\n\t\t<div class=\"elementor-element elementor-element-d352b69 e-flex e-con-boxed elementor-invisible e-con e-parent\" data-id=\"d352b69\" data-element_type=\"container\" data-e-type=\"container\" data-settings=\"{&quot;animation&quot;:&quot;fadeIn&quot;}\">\n\t\t\t\t\t<div class=\"e-con-inner\">\n\t\t<div class=\"elementor-element elementor-element-fa5f4dc e-con-full e-flex e-con e-child\" data-id=\"fa5f4dc\" data-element_type=\"container\" data-e-type=\"container\">\n\t\t\t\t<div class=\"elementor-element elementor-element-03cf5a6 elementor-widget elementor-widget-heading\" data-id=\"03cf5a6\" data-element_type=\"widget\" data-e-type=\"widget\" data-widget_type=\"heading.default\">\n\t\t\t\t<div class=\"elementor-widget-container\">\n\t\t\t\t\t<h2 class=\"elementor-heading-title elementor-size-default\">Hay 2 formas de acceder a una atenci\u00f3n programada en nuestro Hospital.<\/h2>\t\t\t\t<\/div>\n\t\t\t\t<\/div>\n\t\t\t\t<div class=\"elementor-element elementor-element-a8352a8 elementor-widget elementor-widget-text-editor\" data-id=\"a8352a8\" data-element_type=\"widget\" data-e-type=\"widget\" data-widget_type=\"text-editor.default\">\n\t\t\t\t<div class=\"elementor-widget-container\">\n\t\t\t\t\t\t\t\t\t<p>1. Mediante la <strong>el sistema de asignaci\u00f3n de turnos que manejan los centros de salud y hospitales p\u00fablicos<\/strong>\u00a0de Entre R\u00edos (adem\u00e1s de la Divisi\u00f3n de Gesti\u00f3n Integral en Red).\u00a0<br \/><strong><em>La mayor\u00eda de los servicios se rigen por este sistema.\u00a0<\/em><\/strong><\/p><p>2. Algunos servicios gestionan su agenda de turnos mediante comunicaci\u00f3n directa (mail o tel\u00e9fono). \u00bfCu\u00e1les?<\/p>\t\t\t\t\t\t\t\t<\/div>\n\t\t\t\t<\/div>\n\t\t\t\t<div class=\"elementor-element elementor-element-d5baaf2 elementor-widget elementor-widget-heading\" data-id=\"d5baaf2\" data-element_type=\"widget\" data-e-type=\"widget\" data-widget_type=\"heading.default\">\n\t\t\t\t<div class=\"elementor-widget-container\">\n\t\t\t\t\t<h2 class=\"elementor-heading-title elementor-size-default\">\u00bfCu\u00e1les son los servicios que otorgan turnos directamente?<\/h2>\t\t\t\t<\/div>\n\t\t\t\t<\/div>\n\t\t\t\t<div class=\"elementor-element elementor-element-26a9919 elementor-widget elementor-widget-text-editor\" data-id=\"26a9919\" data-element_type=\"widget\" data-e-type=\"widget\" data-widget_type=\"text-editor.default\">\n\t\t\t\t<div class=\"elementor-widget-container\">\n\t\t\t\t\t\t\t\t\t<div style=\"color: #333333; font-family: Roboto; overflow-x: auto;\"><table class=\"table table-striped\" style=\"border-collapse: collapse; background-color: transparent; width: 1140px; max-width: 100%; margin-bottom: 20px;\"><tbody><tr style=\"background-color: #f9f9f9; height: 67px;\"><td style=\"padding: 8px; line-height: 1.42857; vertical-align: top; border-top: 1px solid #dddddd; background-color: #e2ead8; text-align: center; width: 521.797px; height: 67px;\"><p style=\"font-family: inherit; font-weight: 500; line-height: 1.1; color: #84a65d; margin-top: 30px; margin-bottom: 10px; font-size: 18px;\"><span style=\"font-weight: bold;\">Servicio<\/span><\/p><\/td><td style=\"padding: 8px; line-height: 1.42857; vertical-align: top; border-top: 1px solid #dddddd; background-color: #e2ead8; text-align: center; width: 122.203px; height: 67px;\"><p style=\"font-family: inherit; font-weight: 500; line-height: 1.1; color: #84a65d; margin-top: 30px; margin-bottom: 10px; font-size: 18px;\"><span style=\"font-weight: bold;\">Contacto<\/span><\/p><\/td><\/tr><tr style=\"height: 58px;\"><td style=\"padding: 8px; line-height: 1.42857; vertical-align: top; border-top: 1px solid #dddddd; width: 521.797px; height: 58px;\">Consultorio de\u00a0<span style=\"font-weight: bold;\">Adolescencia<\/span><\/td><td style=\"padding: 8px; line-height: 1.42857; vertical-align: top; border-top: 1px solid #dddddd; width: 122.203px; height: 58px;\"><p style=\"margin-bottom: 10px;\">343 503-4581<\/p><\/td><\/tr><tr style=\"background-color: #f9f9f9; height: 138px;\"><td style=\"padding: 8px; line-height: 1.42857; vertical-align: top; border-top: 1px solid #dddddd; background-color: #e2ead8; width: 521.797px; height: 138px;\"><p style=\"margin-bottom: 10px;\"><span style=\"font-weight: bold;\">Cardiolog\u00eda:<\/span>\u00a0 D\u00edas h\u00e1biles de 7 a 12 AM<\/p><ul style=\"margin: 0px 0px 0px 4em; padding: 0px;\"><li style=\"display: block; margin-bottom: 5px; padding-top: 12px; padding-bottom: 12px; border-bottom: 1px solid rgba(194, 194, 194, 0.41);\"><em><span style=\"font-weight: bold;\">Pedi\u00e1trica:<\/span>\u00a0Electrocardiogramas\u00a0 (Pre quir\u00fargicos y preanest\u00e9sicos) y estudios espec\u00edficos (MAPA, Holter)<\/em><\/li><li style=\"display: block; margin-bottom: 5px; padding-top: 12px; padding-bottom: 12px; border-bottom: 1px solid rgba(194, 194, 194, 0.41);\"><em><span style=\"font-weight: bold;\">Obst\u00e9trica:<\/span>\u00a0Prequir\u00fargico (Ecocardiograma doppler fetal no est\u00e1 actualmente disponible)<\/em><\/li><\/ul><\/td><td style=\"padding: 8px; line-height: 1.42857; vertical-align: top; border-top: 1px solid #dddddd; background-color: #e2ead8; width: 122.203px; height: 138px;\"><p style=\"margin-bottom: 10px;\">(0343) 4230460<br \/>Interno 293<\/p><\/td><\/tr><tr style=\"height: 94px;\"><td style=\"padding: 8px; line-height: 1.42857; vertical-align: top; border-top: 1px solid #dddddd; width: 521.797px; height: 94px;\"><p style=\"margin-bottom: 10px;\"><span style=\"font-weight: bold;\">Cuidados Paliativos Pedi\u00e1tricos:\u00a0<\/span>24\/7<\/p><\/td><td style=\"padding: 8px; line-height: 1.42857; vertical-align: top; border-top: 1px solid #dddddd; width: 122.203px; height: 94px;\"><p style=\"margin-bottom: 10px;\">(0343) 4230460<br \/>Interno 229<\/p><\/td><\/tr><tr style=\"background-color: #f9f9f9; height: 58px;\"><td style=\"padding: 8px; line-height: 1.42857; vertical-align: top; border-top: 1px solid #dddddd; background-color: #e2ead8; width: 521.797px; height: 58px;\"><p style=\"margin-bottom: 10px;\"><span style=\"font-weight: bold;\">Consultorio de Seguimiento de Alto Riesgo\u00a0<\/span><em>(pedi\u00e1trico)<\/em><\/p><\/td><td style=\"padding: 8px; line-height: 1.42857; vertical-align: top; border-top: 1px solid #dddddd; background-color: #e2ead8; width: 122.203px; height: 58px;\"><p style=\"margin-bottom: 10px;\">343 425-1843<\/p><\/td><\/tr><tr style=\"height: 94px;\"><td style=\"padding: 8px; line-height: 1.42857; vertical-align: top; border-top: 1px solid #dddddd; width: 521.797px; height: 94px;\"><p style=\"margin-bottom: 10px;\"><span style=\"font-weight: bold;\">Electroencefalograma (EEG)<\/span>\u00a0y Neurocirug\u00edas<\/p><\/td><td style=\"padding: 8px; line-height: 1.42857; vertical-align: top; border-top: 1px solid #dddddd; width: 122.203px; height: 94px;\"><p style=\"margin-bottom: 10px;\">(0343) 4230460<br \/>Interno 286<\/p><\/td><\/tr><tr style=\"background-color: #f9f9f9; height: 58px;\"><td style=\"padding: 8px; line-height: 1.42857; vertical-align: top; border-top: 1px solid #dddddd; background-color: #e2ead8; width: 521.797px; height: 58px;\"><p style=\"margin-bottom: 10px;\"><span style=\"font-weight: bold;\">Laboratorio de An\u00e1lisis Cl\u00ednicos<\/span><\/p><\/td><td style=\"padding: 8px; line-height: 1.42857; vertical-align: top; border-top: 1px solid #dddddd; background-color: #e2ead8; width: 122.203px; height: 58px;\"><p style=\"margin-bottom: 10px;\">343 507-7620<\/p><\/td><\/tr><tr style=\"height: 58px;\"><td style=\"padding: 8px; line-height: 1.42857; vertical-align: top; border-top: 1px solid #dddddd; width: 521.797px; height: 58px;\"><span style=\"font-weight: bold;\">Hemoterapia<\/span><\/td><td style=\"padding: 8px; line-height: 1.42857; vertical-align: top; border-top: 1px solid #dddddd; width: 122.203px; height: 58px;\"><p style=\"margin-bottom: 10px;\">343 507-4584<\/p><\/td><\/tr><tr style=\"background-color: #f9f9f9; height: 58px;\"><td style=\"padding: 8px; line-height: 1.42857; vertical-align: top; border-top: 1px solid #dddddd; background-color: #e2ead8; width: 521.797px; height: 58px;\"><p style=\"margin-bottom: 10px;\"><span style=\"font-weight: bold;\">Fonoaudiolog\u00eda<\/span><\/p><\/td><td style=\"padding: 8px; line-height: 1.42857; vertical-align: top; border-top: 1px solid #dddddd; background-color: #e2ead8; width: 122.203px; height: 58px;\"><p style=\"margin-bottom: 10px;\">343 525-9632<\/p><\/td><\/tr><tr style=\"height: 58px;\"><td style=\"padding: 8px; line-height: 1.42857; vertical-align: top; border-top: 1px solid #dddddd; width: 521.797px; height: 58px;\"><p style=\"margin-bottom: 10px;\"><span style=\"font-weight: bold;\">Odontolog\u00eda<\/span><\/p><\/td><td style=\"padding: 8px; line-height: 1.42857; vertical-align: top; border-top: 1px solid #dddddd; width: 122.203px; height: 58px;\"><p style=\"margin-bottom: 10px;\">343 461-1119<\/p><\/td><\/tr><tr style=\"background-color: #f9f9f9; height: 76px;\"><td style=\"padding: 8px; line-height: 1.42857; vertical-align: top; border-top: 1px solid #dddddd; background-color: #e2ead8; width: 521.797px; height: 76px;\"><p style=\"margin-bottom: 10px;\"><span style=\"font-weight: bold;\">Onco-hematolog\u00eda<\/span><\/p><\/td><td style=\"padding: 8px; line-height: 1.42857; vertical-align: top; border-top: 1px solid #dddddd; background-color: #e2ead8; width: 122.203px; height: 76px;\"><p style=\"margin-bottom: 10px;\">(0343) 4230460 Interno 235<\/p><\/td><\/tr><tr style=\"height: 76px;\"><td style=\"padding: 8px; line-height: 1.42857; vertical-align: top; border-top: 1px solid #dddddd; width: 521.797px; height: 76px;\"><p style=\"margin-bottom: 10px;\">Servicio de\u00a0<span style=\"font-weight: bold;\">Atenci\u00f3n\u00a0 de las Maloclusiones<\/span>\u00a0(S.A.M.)\u00a0<em>dependiente de Odontolog\u00eda<\/em><\/p><\/td><td style=\"padding: 8px; line-height: 1.42857; vertical-align: top; border-top: 1px solid #dddddd; width: 122.203px; height: 76px;\"><p style=\"margin-bottom: 10px;\">343 5105463<\/p><\/td><\/tr><tr style=\"background-color: #f9f9f9; height: 58px;\"><td style=\"padding: 8px; line-height: 1.42857; vertical-align: top; border-top: 1px solid #dddddd; background-color: #e2ead8; width: 521.797px; height: 58px;\"><p style=\"margin-bottom: 10px;\"><span style=\"font-weight: bold;\">Salud Mental<br \/><\/span><em>(d\u00edas h\u00e1biles de 6.00 a 15.00hs)<\/em><\/p><\/td><td style=\"padding: 8px; line-height: 1.42857; vertical-align: top; border-top: 1px solid #dddddd; background-color: #e2ead8; width: 122.203px; height: 58px;\"><p style=\"margin-bottom: 10px;\">(0343) 4230460<br \/><span style=\"font-weight: bold;\">Interno 256<\/span><\/p><\/td><\/tr><tr style=\"height: 94px;\"><td style=\"padding: 8px; line-height: 1.42857; vertical-align: top; border-top: 1px solid #dddddd; width: 521.797px; height: 94px;\"><p style=\"margin-bottom: 10px;\"><span style=\"font-weight: bold;\">Radiograf\u00eda:\u00a0<\/span><em>estudios con contraste, cistourograf\u00eda (CUGM), seriada gastroesof\u00e1gica y duodenal (SEG, SGED)<\/em><\/p><\/td><td style=\"padding: 8px; line-height: 1.42857; vertical-align: top; border-top: 1px solid #dddddd; width: 122.203px; height: 94px;\"><p style=\"margin-bottom: 10px;\">(0343) 4230460<br \/>Interno 310<\/p><\/td><\/tr><tr style=\"background-color: #f9f9f9; height: 94px;\"><td style=\"padding: 8px; line-height: 1.42857; vertical-align: top; border-top: 1px solid #dddddd; background-color: #e2ead8; width: 521.797px; height: 94px;\"><p style=\"margin-bottom: 10px;\"><span style=\"font-weight: bold;\">Tomograf\u00eda<\/span><\/p><\/td><td style=\"padding: 8px; line-height: 1.42857; vertical-align: top; border-top: 1px solid #dddddd; background-color: #e2ead8; width: 122.203px; height: 94px;\"><p style=\"margin-bottom: 10px;\">(0343) 4230460 Interno 274<\/p><\/td><\/tr><\/tbody><\/table><\/div><h4 style=\"font-family: Roboto; font-weight: 500; line-height: 1.1; color: #84a65d; margin-top: 30px; margin-bottom: 10px; font-size: 18px; font-style: normal;\">Consultorio de Ni\u00f1o Sano (control pedi\u00e1trico)<\/h4><p style=\"margin-bottom: 10px; color: #333333; font-family: Roboto; font-size: 18px; font-style: normal; font-weight: 400;\">Para consultorio de Control (a cargo de la Residencia de Pediatr\u00eda del HMISR)<\/p><ul style=\"margin: 0px 0px 0px 4em; padding: 0px; color: #333333; font-family: Roboto; font-size: 18px; font-style: normal; font-weight: 400;\"><li style=\"display: block; margin-bottom: 5px; padding-top: 12px; padding-bottom: 12px; border-bottom: 1px solid rgba(194, 194, 194, 0.41);\"><em>Se piden telef\u00f3nicamente al\u00a0<\/em><span style=\"font-weight: bold;\">4230460 Interno 205\u00a0<\/span>(Admisi\u00f3n)<span style=\"font-weight: bold;\"><br \/><\/span>de 08:00 a 14:00<\/li><\/ul><p style=\"margin-bottom: 10px; color: #333333; font-family: Roboto; font-size: 18px; font-style: normal; font-weight: 400;\">Tambi\u00e9n se puede hacer de manera presencial durante el mismo horario en Admisi\u00f3n.<\/p>\t\t\t\t\t\t\t\t<\/div>\n\t\t\t\t<\/div>\n\t\t\t\t<div class=\"elementor-element elementor-element-65f54f6 elementor-widget elementor-widget-text-editor\" data-id=\"65f54f6\" data-element_type=\"widget\" data-e-type=\"widget\" data-widget_type=\"text-editor.default\">\n\t\t\t\t<div class=\"elementor-widget-container\">\n\t\t\t\t\t\t\t\t\t<p><em><strong>Clave:<\/strong><br \/>Para registrar y comunicar los turnos necesitamos<\/em>\u00a0un correo el\u00e9ctronico.<\/p>\t\t\t\t\t\t\t\t<\/div>\n\t\t\t\t<\/div>\n\t\t\t\t<\/div>\n\t\t\t\t\t<\/div>\n\t\t\t\t<\/div>\n\t\t\t\t<\/div>\n\t\t","protected":false},"excerpt":{"rendered":"<p>\u00bfC\u00f3mo saco turno? Hay 2 formas de acceder a una atenci\u00f3n programada en nuestro Hospital. 1. Mediante la el sistema [&hellip;]<\/p>\n","protected":false},"author":4,"featured_media":0,"parent":0,"menu_order":0,"comment_status":"closed","ping_status":"closed","template":"","meta":{"site-sidebar-layout":"no-sidebar","site-content-layout":"","ast-site-content-layout":"full-width-container","site-content-style":"default","site-sidebar-style":"default","ast-global-header-display":"","ast-banner-title-visibility":"","ast-main-header-display":"","ast-hfb-above-header-display":"","ast-hfb-below-header-display":"","ast-hfb-mobile-header-display":"","site-post-title":"disabled","ast-breadcrumbs-content":"","ast-featured-img":"disabled","footer-sml-layout":"","ast-disable-related-posts":"","theme-transparent-header-meta":"","adv-header-id-meta":"","stick-header-meta":"","header-above-stick-meta":"","header-main-stick-meta":"","header-below-stick-meta":"","astra-migrate-meta-layouts":"default","ast-page-background-enabled":"default","ast-page-background-meta":{"desktop":{"background-color":"var(--ast-global-color-5)","background-image":"","background-repeat":"repeat","background-position":"center center","background-size":"auto","background-attachment":"scroll","background-type":"","background-media":"","overlay-type":"","overlay-color":"","overlay-opacity":"","overlay-gradient":""},"tablet":{"background-color":"","background-image":"","background-repeat":"repeat","background-position":"center center","background-size":"auto","background-attachment":"scroll","background-type":"","background-media":"","overlay-type":"","overlay-color":"","overlay-opacity":"","overlay-gradient":""},"mobile":{"background-color":"","background-image":"","background-repeat":"repeat","background-position":"center center","background-size":"auto","background-attachment":"scroll","background-type":"","background-media":"","overlay-type":"","overlay-color":"","overlay-opacity":"","overlay-gradient":""}},"ast-content-background-meta":{"desktop":{"background-color":"var(--ast-global-color-4)","background-image":"","background-repeat":"repeat","background-position":"center center","background-size":"auto","background-attachment":"scroll","background-type":"","background-media":"","overlay-type":"","overlay-color":"","overlay-opacity":"","overlay-gradient":""},"tablet":{"background-color":"var(--ast-global-color-4)","background-image":"","background-repeat":"repeat","background-position":"center center","background-size":"auto","background-attachment":"scroll","background-type":"","background-media":"","overlay-type":"","overlay-color":"","overlay-opacity":"","overlay-gradient":""},"mobile":{"background-color":"var(--ast-global-color-4)","background-image":"","background-repeat":"repeat","background-position":"center center","background-size":"auto","background-attachment":"scroll","background-type":"","background-media":"","overlay-type":"","overlay-color":"","overlay-opacity":"","overlay-gradient":""}},"footnotes":""},"class_list":["post-611","page","type-page","status-publish","hentry"],"_links":{"self":[{"href":"https:\/\/hospitalsanroque.gob.ar\/index.php\/wp-json\/wp\/v2\/pages\/611","targetHints":{"allow":["GET"]}}],"collection":[{"href":"https:\/\/hospitalsanroque.gob.ar\/index.php\/wp-json\/wp\/v2\/pages"}],"about":[{"href":"https:\/\/hospitalsanroque.gob.ar\/index.php\/wp-json\/wp\/v2\/types\/page"}],"author":[{"embeddable":true,"href":"https:\/\/hospitalsanroque.gob.ar\/index.php\/wp-json\/wp\/v2\/users\/4"}],"replies":[{"embeddable":true,"href":"https:\/\/hospitalsanroque.gob.ar\/index.php\/wp-json\/wp\/v2\/comments?post=611"}],"version-history":[{"count":20,"href":"https:\/\/hospitalsanroque.gob.ar\/index.php\/wp-json\/wp\/v2\/pages\/611\/revisions"}],"predecessor-version":[{"id":1364,"href":"https:\/\/hospitalsanroque.gob.ar\/index.php\/wp-json\/wp\/v2\/pages\/611\/revisions\/1364"}],"wp:attachment":[{"href":"https:\/\/hospitalsanroque.gob.ar\/index.php\/wp-json\/wp\/v2\/media?parent=611"}],"curies":[{"name":"wp","href":"https:\/\/api.w.org\/{rel}","templated":true}]}}