{"id":619,"date":"2025-10-06T19:53:59","date_gmt":"2025-10-06T22:53:59","guid":{"rendered":"https:\/\/hospitalsanroque.org.ar\/?page_id=619"},"modified":"2026-04-27T08:38:30","modified_gmt":"2026-04-27T11:38:30","slug":"preguntas-frecuentes","status":"publish","type":"page","link":"https:\/\/hospitalsanroque.gob.ar\/index.php\/preguntas-frecuentes\/","title":{"rendered":"Preguntas Frecuentes"},"content":{"rendered":"\t\t<div data-elementor-type=\"wp-page\" data-elementor-id=\"619\" class=\"elementor elementor-619\">\n\t\t\t\t<div class=\"elementor-element elementor-element-438b0a4 e-flex e-con-boxed e-con e-parent\" data-id=\"438b0a4\" data-element_type=\"container\" data-e-type=\"container\" data-settings=\"{&quot;background_background&quot;:&quot;classic&quot;}\">\n\t\t\t\t\t<div class=\"e-con-inner\">\n\t\t\t\t<div class=\"elementor-element elementor-element-963b180 elementor-widget elementor-widget-heading\" data-id=\"963b180\" data-element_type=\"widget\" data-e-type=\"widget\" data-widget_type=\"heading.default\">\n\t\t\t\t<div class=\"elementor-widget-container\">\n\t\t\t\t\t<h2 class=\"elementor-heading-title elementor-size-default\">Preguntas frecuentes<\/h2>\t\t\t\t<\/div>\n\t\t\t\t<\/div>\n\t\t\t\t\t<\/div>\n\t\t\t\t<\/div>\n\t\t<div class=\"elementor-element elementor-element-f34734b e-flex e-con-boxed e-con e-parent\" data-id=\"f34734b\" data-element_type=\"container\" data-e-type=\"container\">\n\t\t\t\t\t<div class=\"e-con-inner\">\n\t\t\t\t<div class=\"elementor-element elementor-element-e0c3465 elementor-widget__width-initial elementor-widget elementor-widget-n-accordion\" data-id=\"e0c3465\" data-element_type=\"widget\" data-e-type=\"widget\" data-settings=\"{&quot;default_state&quot;:&quot;all_collapsed&quot;,&quot;max_items_expended&quot;:&quot;one&quot;,&quot;n_accordion_animation_duration&quot;:{&quot;unit&quot;:&quot;ms&quot;,&quot;size&quot;:400,&quot;sizes&quot;:[]}}\" data-widget_type=\"nested-accordion.default\">\n\t\t\t\t<div class=\"elementor-widget-container\">\n\t\t\t\t\t\t\t<div class=\"e-n-accordion\" aria-label=\"Accordion. Open links with Enter or Space, close with Escape, and navigate with Arrow Keys\">\n\t\t\t\t\t\t<details id=\"e-n-accordion-item-2350\" class=\"e-n-accordion-item\" >\n\t\t\t\t<summary class=\"e-n-accordion-item-title\" data-accordion-index=\"1\" tabindex=\"0\" aria-expanded=\"false\" aria-controls=\"e-n-accordion-item-2350\" >\n\t\t\t\t\t<span class='e-n-accordion-item-title-header'><div class=\"e-n-accordion-item-title-text\"> \u00bfC\u00f3mo se piden los turnos? <\/div><\/span>\n\t\t\t\t\t\t\t<span class='e-n-accordion-item-title-icon'>\n\t\t\t<span class='e-opened' ><svg aria-hidden=\"true\" class=\"e-font-icon-svg e-fas-chevron-down\" viewBox=\"0 0 448 512\" xmlns=\"http:\/\/www.w3.org\/2000\/svg\"><path d=\"M207.029 381.476L12.686 187.132c-9.373-9.373-9.373-24.569 0-33.941l22.667-22.667c9.357-9.357 24.522-9.375 33.901-.04L224 284.505l154.745-154.021c9.379-9.335 24.544-9.317 33.901.04l22.667 22.667c9.373 9.373 9.373 24.569 0 33.941L240.971 381.476c-9.373 9.372-24.569 9.372-33.942 0z\"><\/path><\/svg><\/span>\n\t\t\t<span class='e-closed'><svg aria-hidden=\"true\" class=\"e-font-icon-svg e-fas-chevron-right\" viewBox=\"0 0 320 512\" xmlns=\"http:\/\/www.w3.org\/2000\/svg\"><path d=\"M285.476 272.971L91.132 467.314c-9.373 9.373-24.569 9.373-33.941 0l-22.667-22.667c-9.357-9.357-9.375-24.522-.04-33.901L188.505 256 34.484 101.255c-9.335-9.379-9.317-24.544.04-33.901l22.667-22.667c9.373-9.373 24.569-9.373 33.941 0L285.475 239.03c9.373 9.372 9.373 24.568.001 33.941z\"><\/path><\/svg><\/span>\n\t\t<\/span>\n\n\t\t\t\t\t\t<\/summary>\n\t\t\t\t<div role=\"region\" aria-labelledby=\"e-n-accordion-item-2350\" class=\"elementor-element elementor-element-68d53af e-con-full e-flex e-con e-child\" data-id=\"68d53af\" data-element_type=\"container\" data-e-type=\"container\">\n\t\t<div role=\"region\" aria-labelledby=\"e-n-accordion-item-2350\" class=\"elementor-element elementor-element-cb11f68 e-flex e-con-boxed e-con e-child\" data-id=\"cb11f68\" data-element_type=\"container\" data-e-type=\"container\">\n\t\t\t\t\t<div class=\"e-con-inner\">\n\t\t\t\t<div class=\"elementor-element elementor-element-c2c0edd elementor-widget__width-initial elementor-widget elementor-widget-text-editor\" data-id=\"c2c0edd\" data-element_type=\"widget\" data-e-type=\"widget\" data-widget_type=\"text-editor.default\">\n\t\t\t\t<div class=\"elementor-widget-container\">\n\t\t\t\t\t\t\t\t\t<p>Somos un Hospital de nivel 3 B (de alta complejidad, de especialidades), por eso las consultas se reciben por derivaci\u00f3n de otros centros de salud u hospitales.<\/p><blockquote class=\"gmail_default divCont_Cuerpo_Recuadro\"><p><strong>Entonces para\u00a0\u00a0<a href=\"https:\/\/hospitalsanroque.org.ar\/index.php\/turnos\/\">pedir un turno:<\/a><\/strong><\/p><p>Pod\u00e9s acercarte al Centro de Salud m\u00e1s cercano \u00a0y desde all\u00ed, si no pueden atender adecuadamente el motivo de la consulta, a trav\u00e9s de una plataforma online que tienen todas las instituciones de salud p\u00fablica de Entre R\u00edos, te gestionan el turno hacia aqu\u00ed.<\/p><\/blockquote><div class=\"gmail_default\">\u00a0<\/div><div class=\"gmail_default\">Si surge alg\u00fan problema, por favor, coment\u00e1noslo as\u00ed actuamos al respecto:<\/div><div class=\"gmail_default\">El contacto para estos temas es: gestion.i.red@hospitalsanroque.gob.ar<\/div>\t\t\t\t\t\t\t\t<\/div>\n\t\t\t\t<\/div>\n\t\t\t\t\t<\/div>\n\t\t\t\t<\/div>\n\t\t\t\t<\/div>\n\t\t\t\t\t<\/details>\n\t\t\t\t\t\t<details id=\"e-n-accordion-item-2351\" class=\"e-n-accordion-item\" >\n\t\t\t\t<summary class=\"e-n-accordion-item-title\" data-accordion-index=\"2\" tabindex=\"-1\" aria-expanded=\"false\" aria-controls=\"e-n-accordion-item-2351\" >\n\t\t\t\t\t<span class='e-n-accordion-item-title-header'><div class=\"e-n-accordion-item-title-text\"> No es necesario venir al hospital a pedir turnos: funcionamiento en red <\/div><\/span>\n\t\t\t\t\t\t\t<span class='e-n-accordion-item-title-icon'>\n\t\t\t<span class='e-opened' ><svg aria-hidden=\"true\" class=\"e-font-icon-svg e-fas-chevron-down\" viewBox=\"0 0 448 512\" xmlns=\"http:\/\/www.w3.org\/2000\/svg\"><path d=\"M207.029 381.476L12.686 187.132c-9.373-9.373-9.373-24.569 0-33.941l22.667-22.667c9.357-9.357 24.522-9.375 33.901-.04L224 284.505l154.745-154.021c9.379-9.335 24.544-9.317 33.901.04l22.667 22.667c9.373 9.373 9.373 24.569 0 33.941L240.971 381.476c-9.373 9.372-24.569 9.372-33.942 0z\"><\/path><\/svg><\/span>\n\t\t\t<span class='e-closed'><svg aria-hidden=\"true\" class=\"e-font-icon-svg e-fas-chevron-right\" viewBox=\"0 0 320 512\" xmlns=\"http:\/\/www.w3.org\/2000\/svg\"><path d=\"M285.476 272.971L91.132 467.314c-9.373 9.373-24.569 9.373-33.941 0l-22.667-22.667c-9.357-9.357-9.375-24.522-.04-33.901L188.505 256 34.484 101.255c-9.335-9.379-9.317-24.544.04-33.901l22.667-22.667c9.373-9.373 24.569-9.373 33.941 0L285.475 239.03c9.373 9.372 9.373 24.568.001 33.941z\"><\/path><\/svg><\/span>\n\t\t<\/span>\n\n\t\t\t\t\t\t<\/summary>\n\t\t\t\t<div role=\"region\" aria-labelledby=\"e-n-accordion-item-2351\" class=\"elementor-element elementor-element-b88f428 e-con-full e-flex e-con e-child\" data-id=\"b88f428\" data-element_type=\"container\" data-e-type=\"container\">\n\t\t<div role=\"region\" aria-labelledby=\"e-n-accordion-item-2351\" class=\"elementor-element elementor-element-e6f5050 e-flex e-con-boxed e-con e-child\" data-id=\"e6f5050\" data-element_type=\"container\" data-e-type=\"container\">\n\t\t\t\t\t<div class=\"e-con-inner\">\n\t\t\t\t<div class=\"elementor-element elementor-element-fe87823 elementor-widget__width-initial elementor-widget elementor-widget-text-editor\" data-id=\"fe87823\" data-element_type=\"widget\" data-e-type=\"widget\" data-widget_type=\"text-editor.default\">\n\t\t\t\t<div class=\"elementor-widget-container\">\n\t\t\t\t\t\t\t\t\t<p>Desde cualquier centro de salud (u hospital) p\u00fablico de la provincia puede hacerse el pedido de turno a trav\u00e9s de la plataforma de Salud Digital de Entre R\u00edos.\u00a0<\/p><p>Una vez que tengas tu turno, es fundamental que concurras siempre con el DNI.<br \/><br \/><em>Si surgiera alg\u00fan problema, no dudes en consultar a gestion.i.red@hospitalsanroque.gob.ar.<\/em><\/p>\t\t\t\t\t\t\t\t<\/div>\n\t\t\t\t<\/div>\n\t\t\t\t\t<\/div>\n\t\t\t\t<\/div>\n\t\t\t\t<\/div>\n\t\t\t\t\t<\/details>\n\t\t\t\t\t\t<details id=\"e-n-accordion-item-2352\" class=\"e-n-accordion-item\" >\n\t\t\t\t<summary class=\"e-n-accordion-item-title\" data-accordion-index=\"3\" tabindex=\"-1\" aria-expanded=\"false\" aria-controls=\"e-n-accordion-item-2352\" >\n\t\t\t\t\t<span class='e-n-accordion-item-title-header'><div class=\"e-n-accordion-item-title-text\"> Tengo Obra Social, \u00bfPuedo recibir atenci\u00f3n en el hospital? <\/div><\/span>\n\t\t\t\t\t\t\t<span class='e-n-accordion-item-title-icon'>\n\t\t\t<span class='e-opened' ><svg aria-hidden=\"true\" class=\"e-font-icon-svg e-fas-chevron-down\" viewBox=\"0 0 448 512\" xmlns=\"http:\/\/www.w3.org\/2000\/svg\"><path d=\"M207.029 381.476L12.686 187.132c-9.373-9.373-9.373-24.569 0-33.941l22.667-22.667c9.357-9.357 24.522-9.375 33.901-.04L224 284.505l154.745-154.021c9.379-9.335 24.544-9.317 33.901.04l22.667 22.667c9.373 9.373 9.373 24.569 0 33.941L240.971 381.476c-9.373 9.372-24.569 9.372-33.942 0z\"><\/path><\/svg><\/span>\n\t\t\t<span class='e-closed'><svg aria-hidden=\"true\" class=\"e-font-icon-svg e-fas-chevron-right\" viewBox=\"0 0 320 512\" xmlns=\"http:\/\/www.w3.org\/2000\/svg\"><path d=\"M285.476 272.971L91.132 467.314c-9.373 9.373-24.569 9.373-33.941 0l-22.667-22.667c-9.357-9.357-9.375-24.522-.04-33.901L188.505 256 34.484 101.255c-9.335-9.379-9.317-24.544.04-33.901l22.667-22.667c9.373-9.373 24.569-9.373 33.941 0L285.475 239.03c9.373 9.372 9.373 24.568.001 33.941z\"><\/path><\/svg><\/span>\n\t\t<\/span>\n\n\t\t\t\t\t\t<\/summary>\n\t\t\t\t<div role=\"region\" aria-labelledby=\"e-n-accordion-item-2352\" class=\"elementor-element elementor-element-be18ca4 e-con-full e-flex e-con e-child\" data-id=\"be18ca4\" data-element_type=\"container\" data-e-type=\"container\">\n\t\t<div role=\"region\" aria-labelledby=\"e-n-accordion-item-2352\" class=\"elementor-element elementor-element-16dd074 e-flex e-con-boxed e-con e-child\" data-id=\"16dd074\" data-element_type=\"container\" data-e-type=\"container\">\n\t\t\t\t\t<div class=\"e-con-inner\">\n\t\t\t\t<div class=\"elementor-element elementor-element-01349cf elementor-widget__width-initial elementor-widget elementor-widget-text-editor\" data-id=\"01349cf\" data-element_type=\"widget\" data-e-type=\"widget\" data-widget_type=\"text-editor.default\">\n\t\t\t\t<div class=\"elementor-widget-container\">\n\t\t\t\t\t\t\t\t\t<p>\u00a1Claro! El Hospital Materno Infantil San Roque es un Hospital P\u00fablico. Atiende a todas las personas que acudan ah\u00ed.<\/p><p><strong>Si ten\u00e9s obra social<\/strong>\u00a0pod\u00e9s recibir atenci\u00f3n y\u00a0<strong>el hospital se encargar\u00e1 de cobrar los gastos generados a tu obra social<\/strong>. Esto es lo que se denomina\u00a0<a href=\"http:\/\/www.entrerios.gov.ar\/msalud\/?page_id=20780\">arancelamiento hospitalario<\/a> y es una de las fuentes de sostenimiento econ\u00f3mico de nuestro hospital (enmarcado en el R\u00e9gimen de <a href=\"http:\/\/www.entrerios.gov.ar\/msalud\/wp-content\/uploads\/2016\/04\/10-decreto-4255-2010.pdf\">Hospitales de Gesti\u00f3n Descentralizada<\/a>).\u00a0<\/p>\t\t\t\t\t\t\t\t<\/div>\n\t\t\t\t<\/div>\n\t\t\t\t\t<\/div>\n\t\t\t\t<\/div>\n\t\t\t\t<\/div>\n\t\t\t\t\t<\/details>\n\t\t\t\t\t\t<details id=\"e-n-accordion-item-2353\" class=\"e-n-accordion-item\" >\n\t\t\t\t<summary class=\"e-n-accordion-item-title\" data-accordion-index=\"4\" tabindex=\"-1\" aria-expanded=\"false\" aria-controls=\"e-n-accordion-item-2353\" >\n\t\t\t\t\t<span class='e-n-accordion-item-title-header'><div class=\"e-n-accordion-item-title-text\"> Necesito Informaci\u00f3n Clinica <\/div><\/span>\n\t\t\t\t\t\t\t<span class='e-n-accordion-item-title-icon'>\n\t\t\t<span class='e-opened' ><svg aria-hidden=\"true\" class=\"e-font-icon-svg e-fas-chevron-down\" viewBox=\"0 0 448 512\" xmlns=\"http:\/\/www.w3.org\/2000\/svg\"><path d=\"M207.029 381.476L12.686 187.132c-9.373-9.373-9.373-24.569 0-33.941l22.667-22.667c9.357-9.357 24.522-9.375 33.901-.04L224 284.505l154.745-154.021c9.379-9.335 24.544-9.317 33.901.04l22.667 22.667c9.373 9.373 9.373 24.569 0 33.941L240.971 381.476c-9.373 9.372-24.569 9.372-33.942 0z\"><\/path><\/svg><\/span>\n\t\t\t<span class='e-closed'><svg aria-hidden=\"true\" class=\"e-font-icon-svg e-fas-chevron-right\" viewBox=\"0 0 320 512\" xmlns=\"http:\/\/www.w3.org\/2000\/svg\"><path d=\"M285.476 272.971L91.132 467.314c-9.373 9.373-24.569 9.373-33.941 0l-22.667-22.667c-9.357-9.357-9.375-24.522-.04-33.901L188.505 256 34.484 101.255c-9.335-9.379-9.317-24.544.04-33.901l22.667-22.667c9.373-9.373 24.569-9.373 33.941 0L285.475 239.03c9.373 9.372 9.373 24.568.001 33.941z\"><\/path><\/svg><\/span>\n\t\t<\/span>\n\n\t\t\t\t\t\t<\/summary>\n\t\t\t\t<div role=\"region\" aria-labelledby=\"e-n-accordion-item-2353\" class=\"elementor-element elementor-element-0866c82 e-con-full e-flex e-con e-child\" data-id=\"0866c82\" data-element_type=\"container\" data-e-type=\"container\">\n\t\t<div role=\"region\" aria-labelledby=\"e-n-accordion-item-2353\" class=\"elementor-element elementor-element-398473c e-flex e-con-boxed e-con e-child\" data-id=\"398473c\" data-element_type=\"container\" data-e-type=\"container\">\n\t\t\t\t\t<div class=\"e-con-inner\">\n\t\t\t\t<div class=\"elementor-element elementor-element-e279493 elementor-widget__width-initial elementor-widget elementor-widget-text-editor\" data-id=\"e279493\" data-element_type=\"widget\" data-e-type=\"widget\" data-widget_type=\"text-editor.default\">\n\t\t\t\t<div class=\"elementor-widget-container\">\n\t\t\t\t\t\t\t\t\t<p>A trav\u00e9s del correo electr\u00f3nico\u00a0<a href=\"mailto:historia.clinica@hospitalsanroque.gob.ar\">historia.clinica@hospitalsanroque.gob.ar<\/a>\u00a0 cualquier ciudadano\/a o efector de salud, puede instrumentar el requerimiento de informaci\u00f3n cl\u00ednica.<\/p><h4 id=\"mcetoc_1gftfr759d\"><strong><br \/>\u00bfQui\u00e9n puede requerir informaci\u00f3n Cl\u00ednica?<\/strong><\/h4><p>El paciente y su representante legal o los responsables legales.<\/p><div><ol><li>El c\u00f3nyuge, conviviente o los herederos universales forzosos s\u00f3lo podr\u00e1n requerir la entrega de una copia de la historia cl\u00ednica presentando autorizaci\u00f3n escrita del paciente.<\/li><li>Los m\u00e9dicos, y otros profesionales del arte de curar, cuando cuenten con expresa autorizaci\u00f3n del paciente o de su representante legal, aunque quedan eximidos de la obligaci\u00f3n de presentar autorizaci\u00f3n aquellos profesionales de la salud que al momento de requerir la Historia Cl\u00ednica sean los responsables del tratamiento del titular de la misma.<\/li><\/ol><\/div><h4 id=\"mcetoc_1gftgpd91q\"><strong>\u00bfC\u00f3mo se pide?<\/strong><\/h4><p>Si lo que se necesita es informaci\u00f3n sobre un evento en particular (por ejemplo, una internaci\u00f3n, una cirug\u00eda, en alguna fecha puntual) es aconsejable aclarar y especificar. As\u00ed se facilita el trabajo y es posible dar una respuesta m\u00e1s pronta.<\/p><p>Entonces, al momento de requerir la informaci\u00f3n, se debe consignar:<\/p><ol><li>Nombre, apellido y DNI del\/la paciente.<\/li><li>Acreditar el v\u00ednculo que autoriza a realizar el pedido de la documentaci\u00f3n correspondiente (en im\u00e1genes o pdf).<\/li><li>Fechas de intervenci\u00f3n hospitalaria y servicios recibidos (por ejemplo, \u00abfue atendida el d\u00eda &#8230;\/&#8230;\/&#8230;., en el Servicio de &#8230;\u00bb o \u00abestuvo internada por&#8230; desde &#8230;\/&#8230;\/&#8230;. hasta &#8230;.\/&#8230;.\/&#8230;.)<\/li><\/ol><p><i>&lt; Las historias cl\u00ednicas son documentos muy importantes que re\u00fanen informaci\u00f3n confidencial y secreta de salud del usuario\/paciente, y por ello su reproducci\u00f3n y\/o visualizaci\u00f3n solo pueden realizarla quienes est\u00e1n debidamente autorizados por la normativa vigente, la Ley Nacional de los Derechos de los Pacientes N\u00ba 26.529 &gt;<\/i><\/p><h4 id=\"mcetoc_1gftgv848a\"><strong>Marco Legal Vigente regulatorio de la tem\u00e1tica:<\/strong><\/h4><div><div><ul><li class=\"divCont_Cuerpo_Recuadro\"><a href=\"http:\/\/servicios.infoleg.gob.ar\/infolegInternet\/anexos\/265000-269999\/265949\/norma.htm\">\u00a0Ley 27.275 de Acceso a la Informaci\u00f3n P\u00fablica art\u00edculo 8\u00b0 d), h) i) y j)<\/a><\/li><li class=\"divCont_Cuerpo_Recuadro\"><a href=\"https:\/\/www.hospitalsanroque.gob.ar\/Marco%20Legal%20Vigente%20regulatorio%20de%20la%20tem%C3%A1tica:%20?%20Ley%2027.275%20de%20Acceso%20a%20la%20Informaci?n%20P?blica%20art?culo%208?%20d),%20h)%20i)%20y%20j)%20?%20Ley%2025.326%20De%20Protecci?n%20de%20Datos%20Personales%20http:\/servicios.infoleg.gob.ar\/infolegInternet\/anexos\/60000-64999\/64790\/norma.htm%20?%20Ley%2026.529%20de%20Derechos%20del%20Paciente:%20Art.%202)%20inc.%20c)%20y%20b);%20art.4?);\">\u00a0Ley 25.326 De Protecci\u00f3n de Datos Personales<\/a><\/li><li class=\"divCont_Cuerpo_Recuadro\"><a href=\"http:\/\/servicios.infoleg.gob.ar\/infolegInternet\/anexos\/160000-164999\/160432\/norma.htm\">\u00a0Ley 26.529 de Derechos del Paciente<\/a><\/li><\/ul><\/div><\/div>\t\t\t\t\t\t\t\t<\/div>\n\t\t\t\t<\/div>\n\t\t\t\t\t<\/div>\n\t\t\t\t<\/div>\n\t\t\t\t<\/div>\n\t\t\t\t\t<\/details>\n\t\t\t\t\t<\/div>\n\t\t\t\t\t\t<\/div>\n\t\t\t\t<\/div>\n\t\t\t\t\t<\/div>\n\t\t\t\t<\/div>\n\t\t\t\t<\/div>\n\t\t","protected":false},"excerpt":{"rendered":"<p>Preguntas frecuentes \u00bfC\u00f3mo se piden los turnos? Somos un Hospital de nivel 3 B (de alta complejidad, de especialidades), por [&hellip;]<\/p>\n","protected":false},"author":4,"featured_media":0,"parent":0,"menu_order":0,"comment_status":"closed","ping_status":"closed","template":"","meta":{"site-sidebar-layout":"no-sidebar","site-content-layout":"","ast-site-content-layout":"full-width-container","site-content-style":"default","site-sidebar-style":"default","ast-global-header-display":"","ast-banner-title-visibility":"","ast-main-header-display":"","ast-hfb-above-header-display":"","ast-hfb-below-header-display":"","ast-hfb-mobile-header-display":"","site-post-title":"disabled","ast-breadcrumbs-content":"","ast-featured-img":"disabled","footer-sml-layout":"","ast-disable-related-posts":"","theme-transparent-header-meta":"","adv-header-id-meta":"","stick-header-meta":"","header-above-stick-meta":"","header-main-stick-meta":"","header-below-stick-meta":"","astra-migrate-meta-layouts":"default","ast-page-background-enabled":"default","ast-page-background-meta":{"desktop":{"background-color":"var(--ast-global-color-5)","background-image":"","background-repeat":"repeat","background-position":"center center","background-size":"auto","background-attachment":"scroll","background-type":"","background-media":"","overlay-type":"","overlay-color":"","overlay-opacity":"","overlay-gradient":""},"tablet":{"background-color":"","background-image":"","background-repeat":"repeat","background-position":"center center","background-size":"auto","background-attachment":"scroll","background-type":"","background-media":"","overlay-type":"","overlay-color":"","overlay-opacity":"","overlay-gradient":""},"mobile":{"background-color":"","background-image":"","background-repeat":"repeat","background-position":"center center","background-size":"auto","background-attachment":"scroll","background-type":"","background-media":"","overlay-type":"","overlay-color":"","overlay-opacity":"","overlay-gradient":""}},"ast-content-background-meta":{"desktop":{"background-color":"var(--ast-global-color-4)","background-image":"","background-repeat":"repeat","background-position":"center center","background-size":"auto","background-attachment":"scroll","background-type":"","background-media":"","overlay-type":"","overlay-color":"","overlay-opacity":"","overlay-gradient":""},"tablet":{"background-color":"var(--ast-global-color-4)","background-image":"","background-repeat":"repeat","background-position":"center center","background-size":"auto","background-attachment":"scroll","background-type":"","background-media":"","overlay-type":"","overlay-color":"","overlay-opacity":"","overlay-gradient":""},"mobile":{"background-color":"var(--ast-global-color-4)","background-image":"","background-repeat":"repeat","background-position":"center center","background-size":"auto","background-attachment":"scroll","background-type":"","background-media":"","overlay-type":"","overlay-color":"","overlay-opacity":"","overlay-gradient":""}},"footnotes":""},"class_list":["post-619","page","type-page","status-publish","hentry"],"_links":{"self":[{"href":"https:\/\/hospitalsanroque.gob.ar\/index.php\/wp-json\/wp\/v2\/pages\/619","targetHints":{"allow":["GET"]}}],"collection":[{"href":"https:\/\/hospitalsanroque.gob.ar\/index.php\/wp-json\/wp\/v2\/pages"}],"about":[{"href":"https:\/\/hospitalsanroque.gob.ar\/index.php\/wp-json\/wp\/v2\/types\/page"}],"author":[{"embeddable":true,"href":"https:\/\/hospitalsanroque.gob.ar\/index.php\/wp-json\/wp\/v2\/users\/4"}],"replies":[{"embeddable":true,"href":"https:\/\/hospitalsanroque.gob.ar\/index.php\/wp-json\/wp\/v2\/comments?post=619"}],"version-history":[{"count":13,"href":"https:\/\/hospitalsanroque.gob.ar\/index.php\/wp-json\/wp\/v2\/pages\/619\/revisions"}],"predecessor-version":[{"id":2002,"href":"https:\/\/hospitalsanroque.gob.ar\/index.php\/wp-json\/wp\/v2\/pages\/619\/revisions\/2002"}],"wp:attachment":[{"href":"https:\/\/hospitalsanroque.gob.ar\/index.php\/wp-json\/wp\/v2\/media?parent=619"}],"curies":[{"name":"wp","href":"https:\/\/api.w.org\/{rel}","templated":true}]}}