{"id":885,"date":"2025-10-13T14:13:30","date_gmt":"2025-10-13T17:13:30","guid":{"rendered":"https:\/\/hospitalsanroque.org.ar\/?page_id=885"},"modified":"2025-10-13T14:17:50","modified_gmt":"2025-10-13T17:17:50","slug":"servicios-quirurgicos","status":"publish","type":"page","link":"https:\/\/hospitalsanroque.gob.ar\/index.php\/servicios-quirurgicos\/","title":{"rendered":"Servicios Quir\u00fargicos"},"content":{"rendered":"\t\t<div data-elementor-type=\"wp-page\" data-elementor-id=\"885\" class=\"elementor elementor-885\">\n\t\t\t\t<div class=\"elementor-element elementor-element-a0a05ea e-flex e-con-boxed e-con e-parent\" data-id=\"a0a05ea\" data-element_type=\"container\" data-e-type=\"container\" data-settings=\"{&quot;background_background&quot;:&quot;classic&quot;}\">\n\t\t\t\t\t<div class=\"e-con-inner\">\n\t\t\t\t<div class=\"elementor-element elementor-element-8dbd97d elementor-widget elementor-widget-heading\" data-id=\"8dbd97d\" data-element_type=\"widget\" data-e-type=\"widget\" data-widget_type=\"heading.default\">\n\t\t\t\t<div class=\"elementor-widget-container\">\n\t\t\t\t\t<h2 class=\"elementor-heading-title elementor-size-default\">Servicios Quir\u00fargicos <\/h2>\t\t\t\t<\/div>\n\t\t\t\t<\/div>\n\t\t\t\t\t<\/div>\n\t\t\t\t<\/div>\n\t\t<div class=\"elementor-element elementor-element-517d739 e-flex e-con-boxed e-con e-parent\" data-id=\"517d739\" data-element_type=\"container\" data-e-type=\"container\">\n\t\t\t\t\t<div class=\"e-con-inner\">\n\t\t\t\t<div class=\"elementor-element elementor-element-f6b9d56 elementor-widget__width-initial elementor-widget elementor-widget-n-accordion\" data-id=\"f6b9d56\" data-element_type=\"widget\" data-e-type=\"widget\" data-settings=\"{&quot;default_state&quot;:&quot;all_collapsed&quot;,&quot;max_items_expended&quot;:&quot;one&quot;,&quot;n_accordion_animation_duration&quot;:{&quot;unit&quot;:&quot;ms&quot;,&quot;size&quot;:400,&quot;sizes&quot;:[]}}\" data-widget_type=\"nested-accordion.default\">\n\t\t\t\t<div class=\"elementor-widget-container\">\n\t\t\t\t\t\t\t<div class=\"e-n-accordion\" aria-label=\"Accordion. Open links with Enter or Space, close with Escape, and navigate with Arrow Keys\">\n\t\t\t\t\t\t<details id=\"e-n-accordion-item-2580\" class=\"e-n-accordion-item\" >\n\t\t\t\t<summary class=\"e-n-accordion-item-title\" data-accordion-index=\"1\" tabindex=\"0\" aria-expanded=\"false\" aria-controls=\"e-n-accordion-item-2580\" >\n\t\t\t\t\t<span class='e-n-accordion-item-title-header'><div class=\"e-n-accordion-item-title-text\"> Cirug\u00eda Pedi\u00e1trica <\/div><\/span>\n\t\t\t\t\t\t\t<span class='e-n-accordion-item-title-icon'>\n\t\t\t<span class='e-opened' ><svg aria-hidden=\"true\" class=\"e-font-icon-svg e-fas-chevron-down\" viewBox=\"0 0 448 512\" xmlns=\"http:\/\/www.w3.org\/2000\/svg\"><path d=\"M207.029 381.476L12.686 187.132c-9.373-9.373-9.373-24.569 0-33.941l22.667-22.667c9.357-9.357 24.522-9.375 33.901-.04L224 284.505l154.745-154.021c9.379-9.335 24.544-9.317 33.901.04l22.667 22.667c9.373 9.373 9.373 24.569 0 33.941L240.971 381.476c-9.373 9.372-24.569 9.372-33.942 0z\"><\/path><\/svg><\/span>\n\t\t\t<span class='e-closed'><svg aria-hidden=\"true\" class=\"e-font-icon-svg e-fas-chevron-right\" viewBox=\"0 0 320 512\" xmlns=\"http:\/\/www.w3.org\/2000\/svg\"><path d=\"M285.476 272.971L91.132 467.314c-9.373 9.373-24.569 9.373-33.941 0l-22.667-22.667c-9.357-9.357-9.375-24.522-.04-33.901L188.505 256 34.484 101.255c-9.335-9.379-9.317-24.544.04-33.901l22.667-22.667c9.373-9.373 24.569-9.373 33.941 0L285.475 239.03c9.373 9.372 9.373 24.568.001 33.941z\"><\/path><\/svg><\/span>\n\t\t<\/span>\n\n\t\t\t\t\t\t<\/summary>\n\t\t\t\t<div role=\"region\" aria-labelledby=\"e-n-accordion-item-2580\" class=\"elementor-element elementor-element-430290d e-con-full e-flex e-con e-child\" data-id=\"430290d\" data-element_type=\"container\" data-e-type=\"container\">\n\t\t<div role=\"region\" aria-labelledby=\"e-n-accordion-item-2580\" class=\"elementor-element elementor-element-eefa12b e-flex e-con-boxed e-con e-child\" data-id=\"eefa12b\" data-element_type=\"container\" data-e-type=\"container\">\n\t\t\t\t\t<div class=\"e-con-inner\">\n\t\t<div role=\"region\" aria-labelledby=\"e-n-accordion-item-2580\" class=\"elementor-element elementor-element-e35dde9 e-con-full e-flex e-con e-child\" data-id=\"e35dde9\" data-element_type=\"container\" data-e-type=\"container\">\n\t\t<div role=\"region\" aria-labelledby=\"e-n-accordion-item-2580\" class=\"elementor-element elementor-element-2b4bbe4 e-con-full e-flex e-con e-child\" data-id=\"2b4bbe4\" data-element_type=\"container\" data-e-type=\"container\">\n\t\t<div role=\"region\" aria-labelledby=\"e-n-accordion-item-2580\" class=\"elementor-element elementor-element-329739f e-con-full e-flex e-con e-child\" data-id=\"329739f\" data-element_type=\"container\" data-e-type=\"container\">\n\t\t\t\t<div class=\"elementor-element elementor-element-b9e0b34 elementor-widget elementor-widget-heading\" data-id=\"b9e0b34\" data-element_type=\"widget\" data-e-type=\"widget\" data-widget_type=\"heading.default\">\n\t\t\t\t<div class=\"elementor-widget-container\">\n\t\t\t\t\t<h2 class=\"elementor-heading-title elementor-size-default\">Profesionales<\/h2>\t\t\t\t<\/div>\n\t\t\t\t<\/div>\n\t\t\t\t<div class=\"elementor-element elementor-element-acb5144 elementor-widget elementor-widget-text-editor\" data-id=\"acb5144\" data-element_type=\"widget\" data-e-type=\"widget\" data-widget_type=\"text-editor.default\">\n\t\t\t\t<div class=\"elementor-widget-container\">\n\t\t\t\t\t\t\t\t\t<ul><li><p><strong>Subjefe a cargo:<\/strong>\u00a0Dra. Lorena Benitez (mat. 8814).<\/p><p>\u00a0<\/p><p><strong>M\u00e9dicos cirujanos:\u00a0<\/strong><\/p><ul><li aria-level=\"1\">Dr. Guti\u00e9rrez Miquel \u00c1ngel (mat. 9254).\u00a0Instructor de la Residencia de Cirug\u00eda Pedi\u00e1trica y Neonatal.<\/li><li aria-level=\"1\">Dr. M\u00e9ndez Juan Pablo\u00a0 (mat. 9731).\u00a0Coordinador del Quir\u00f3fano de Pediatr\u00eda.<\/li><li aria-level=\"1\">Dr. G\u00f3mez N\u00fa\u00f1ez Octavio (mat. 10090).<\/li><li aria-level=\"1\">Dra. Yanina Fiori (mat. 10102).<\/li><li aria-level=\"1\">Dra. Franco Glenda\u00a0(mat. 12099).<\/li><li aria-level=\"1\">Dra. Dati Ayelen (mat. 11811).<\/li><\/ul><\/li><\/ul>\t\t\t\t\t\t\t\t<\/div>\n\t\t\t\t<\/div>\n\t\t\t\t<\/div>\n\t\t<div role=\"region\" aria-labelledby=\"e-n-accordion-item-2580\" class=\"elementor-element elementor-element-ecf70ff e-con-full e-flex e-con e-child\" data-id=\"ecf70ff\" data-element_type=\"container\" data-e-type=\"container\">\n\t\t\t\t<div class=\"elementor-element elementor-element-390bcaf elementor-widget elementor-widget-heading\" data-id=\"390bcaf\" data-element_type=\"widget\" data-e-type=\"widget\" data-widget_type=\"heading.default\">\n\t\t\t\t<div class=\"elementor-widget-container\">\n\t\t\t\t\t<h2 class=\"elementor-heading-title elementor-size-default\">Horarios<\/h2>\t\t\t\t<\/div>\n\t\t\t\t<\/div>\n\t\t\t\t<div class=\"elementor-element elementor-element-f1e1de4 elementor-widget elementor-widget-text-editor\" data-id=\"f1e1de4\" data-element_type=\"widget\" data-e-type=\"widget\" data-widget_type=\"text-editor.default\">\n\t\t\t\t<div class=\"elementor-widget-container\">\n\t\t\t\t\t\t\t\t\t<p>Nuestro hospital es el \u00fanico en la provincia que cuenta con guardia de Cirug\u00eda Pedi\u00e1trica y ayudante las 24hs del d\u00eda, los 7 d\u00edas de la semana para las cirug\u00edas de urgencia y emergencia. Recibe pacientes de nuestra \u00e1rea program\u00e1tica y derivaciones de los diferentes centros de la provincia.<\/p><p>Este plantel de profesionales cubre los Consultorios Externos de Cirug\u00eda Pedi\u00e1trica de lunes a viernes, con turnos otorgados por la Oficina de Gesti\u00f3n en Red.<\/p><ul><li style=\"list-style-type: none;\"><ul><li aria-level=\"1\">\u00a0Lunes 11 hs: Dr. Juan Pablo M\u00e9ndez<\/li><li aria-level=\"1\">\u00a0Martes 8 hs: Dr. Gomez N\u00fa\u00f1ez Octavio<\/li><li aria-level=\"1\">\u00a0Mi\u00e9rcoles 8 hs: Dr. Guti\u00e9rrez Miguel<\/li><li aria-level=\"1\">Jueves 7:30 hs: Dra. Lorena Benitez<\/li><li aria-level=\"1\">Viernes 7:30 hs: Dra. Fiori Yanina<\/li><\/ul><\/li><\/ul>\t\t\t\t\t\t\t\t<\/div>\n\t\t\t\t<\/div>\n\t\t\t\t<div class=\"elementor-element elementor-element-24f791b elementor-widget elementor-widget-heading\" data-id=\"24f791b\" data-element_type=\"widget\" data-e-type=\"widget\" data-widget_type=\"heading.default\">\n\t\t\t\t<div class=\"elementor-widget-container\">\n\t\t\t\t\t<h2 class=\"elementor-heading-title elementor-size-default\">Contacto<\/h2>\t\t\t\t<\/div>\n\t\t\t\t<\/div>\n\t\t\t\t<div class=\"elementor-element elementor-element-2ed9f9f elementor-icon-list--layout-traditional elementor-list-item-link-full_width elementor-widget elementor-widget-icon-list\" data-id=\"2ed9f9f\" data-element_type=\"widget\" data-e-type=\"widget\" data-widget_type=\"icon-list.default\">\n\t\t\t\t<div class=\"elementor-widget-container\">\n\t\t\t\t\t\t\t<ul class=\"elementor-icon-list-items\">\n\t\t\t\t\t\t\t<li class=\"elementor-icon-list-item\">\n\t\t\t\t\t\t\t\t\t\t\t<span class=\"elementor-icon-list-icon\">\n\t\t\t\t\t\t\t<svg aria-hidden=\"true\" class=\"e-font-icon-svg e-fas-phone-alt\" viewBox=\"0 0 512 512\" xmlns=\"http:\/\/www.w3.org\/2000\/svg\"><path d=\"M497.39 361.8l-112-48a24 24 0 0 0-28 6.9l-49.6 60.6A370.66 370.66 0 0 1 130.6 204.11l60.6-49.6a23.94 23.94 0 0 0 6.9-28l-48-112A24.16 24.16 0 0 0 122.6.61l-104 24A24 24 0 0 0 0 48c0 256.5 207.9 464 464 464a24 24 0 0 0 23.4-18.6l24-104a24.29 24.29 0 0 0-14.01-27.6z\"><\/path><\/svg>\t\t\t\t\t\t<\/span>\n\t\t\t\t\t\t\t\t\t\t<span class=\"elementor-icon-list-text\">4230460 - Interno 235 \/ 236 \/ 237 239\/ 249<\/span>\n\t\t\t\t\t\t\t\t\t<\/li>\n\t\t\t\t\t\t\t\t<li class=\"elementor-icon-list-item\">\n\t\t\t\t\t\t\t\t\t\t\t<a href=\"mailto:cirugia@hospitalsanroque.gob.ar\">\n\n\t\t\t\t\t\t\t\t\t\t\t\t<span class=\"elementor-icon-list-icon\">\n\t\t\t\t\t\t\t<svg aria-hidden=\"true\" class=\"e-font-icon-svg e-far-envelope\" viewBox=\"0 0 512 512\" xmlns=\"http:\/\/www.w3.org\/2000\/svg\"><path d=\"M464 64H48C21.49 64 0 85.49 0 112v288c0 26.51 21.49 48 48 48h416c26.51 0 48-21.49 48-48V112c0-26.51-21.49-48-48-48zm0 48v40.805c-22.422 18.259-58.168 46.651-134.587 106.49-16.841 13.247-50.201 45.072-73.413 44.701-23.208.375-56.579-31.459-73.413-44.701C106.18 199.465 70.425 171.067 48 152.805V112h416zM48 400V214.398c22.914 18.251 55.409 43.862 104.938 82.646 21.857 17.205 60.134 55.186 103.062 54.955 42.717.231 80.509-37.199 103.053-54.947 49.528-38.783 82.032-64.401 104.947-82.653V400H48z\"><\/path><\/svg>\t\t\t\t\t\t<\/span>\n\t\t\t\t\t\t\t\t\t\t<span class=\"elementor-icon-list-text\">cirugia@hospitalsanroque.gob.ar<\/span>\n\t\t\t\t\t\t\t\t\t\t\t<\/a>\n\t\t\t\t\t\t\t\t\t<\/li>\n\t\t\t\t\t\t<\/ul>\n\t\t\t\t\t\t<\/div>\n\t\t\t\t<\/div>\n\t\t\t\t<\/div>\n\t\t\t\t<\/div>\n\t\t\t\t<div class=\"elementor-element elementor-element-d467350 elementor-widget elementor-widget-heading\" data-id=\"d467350\" data-element_type=\"widget\" data-e-type=\"widget\" data-widget_type=\"heading.default\">\n\t\t\t\t<div class=\"elementor-widget-container\">\n\t\t\t\t\t<h2 class=\"elementor-heading-title elementor-size-default\">Descripci\u00f3n<\/h2>\t\t\t\t<\/div>\n\t\t\t\t<\/div>\n\t\t\t\t<div class=\"elementor-element elementor-element-a94c2fc elementor-widget elementor-widget-image\" data-id=\"a94c2fc\" data-element_type=\"widget\" data-e-type=\"widget\" data-widget_type=\"image.default\">\n\t\t\t\t<div class=\"elementor-widget-container\">\n\t\t\t\t\t\t\t\t\t\t\t\t\t\t\t<img fetchpriority=\"high\" decoding=\"async\" width=\"1024\" height=\"427\" src=\"https:\/\/hospitalsanroque.gob.ar\/wp-content\/uploads\/2025\/10\/325_t1200-1024x427.jpg\" class=\"attachment-large size-large wp-image-887\" alt=\"\" srcset=\"https:\/\/hospitalsanroque.gob.ar\/wp-content\/uploads\/2025\/10\/325_t1200-1024x427.jpg 1024w, https:\/\/hospitalsanroque.gob.ar\/wp-content\/uploads\/2025\/10\/325_t1200-300x125.jpg 300w, https:\/\/hospitalsanroque.gob.ar\/wp-content\/uploads\/2025\/10\/325_t1200-768x320.jpg 768w, https:\/\/hospitalsanroque.gob.ar\/wp-content\/uploads\/2025\/10\/325_t1200.jpg 1200w\" sizes=\"(max-width: 1024px) 100vw, 1024px\" \/>\t\t\t\t\t\t\t\t\t\t\t\t\t\t\t<\/div>\n\t\t\t\t<\/div>\n\t\t\t\t<div class=\"elementor-element elementor-element-f41a707 elementor-widget elementor-widget-text-editor\" data-id=\"f41a707\" data-element_type=\"widget\" data-e-type=\"widget\" data-widget_type=\"text-editor.default\">\n\t\t\t\t<div class=\"elementor-widget-container\">\n\t\t\t\t\t\t\t\t\t<div class=\"divCont_ArticuloCuerpo\"><p>El Hospital Materno Infantil San Roque es el \u00fanico hospital p\u00fablico en la provincia que brinda un\u00a0<strong>servicio cr\u00edtico de atenci\u00f3n cl\u00ednico quir\u00fargica realizando cirug\u00edas pedi\u00e1tricas y neonatales, programadas y de urgencia, convencionales y endosc\u00f3picas.<\/strong><\/p><p>El staff de profesionales est\u00e1 encargado de realizar las cirug\u00edas programadas con la\u00a0 participaci\u00f3n de la Residencia de Cirug\u00eda Pedi\u00e1trica.<\/p><p><em>El Servicio de Cirug\u00eda trabaja en conjunto con los pediatras de las distintas salas, fundamentalmente, en el seguimiento post-operatorio de las ni\u00f1as, ni\u00f1os y adolescentes internados.\u00a0Los pases de sala y una intensa actividad acad\u00e9mica, apuntan a la mejora continua de la calidad. El Servicio de Cirug\u00eda participa de ateneos intraservicio, ateneos de morbimortalidad, ateneos interdisciplinarios con diferentes servicios del hospital y con servicios de cirug\u00eda pedi\u00e1trica de centros del litoral y nacionales como el\u00a0<a href=\"https:\/\/www.garrahan.gov.ar\/\">Hospital Garrahan<\/a>\u00a0y el\u00a0<a href=\"https:\/\/buenosaires.gob.ar\/salud\/hospitales-y-establecimientos-de-salud\/hospital-de-ninos-dr-ricardo-gutierrez\">Hospital de Ni\u00f1os Dr. Ricardo Guti\u00e9rrez<\/a>.<\/em><\/p><p>En estos \u00faltimos a\u00f1os, con el impulso de sus profesionales, se incorporan nuevos procedimientos laparosc\u00f3picos dentro de la instituci\u00f3n.\u00a0<strong>El Servicio de Cirug\u00eda atraviesa un proceso de crecimiento continuo grupal e individual de sus cirujanos con el fin de brindar una mejor atenci\u00f3n a la poblaci\u00f3n infantil de nuestra provincia.<\/strong><\/p><h3><strong>Tareas<\/strong><\/h3><ul><li aria-level=\"1\">Prestar servicio de consultorio externo.<\/li><li aria-level=\"1\">Inspecci\u00f3n diaria de los pacientes internados y pases de sala.<\/li><li aria-level=\"1\">Intervenciones quir\u00fargicas o ayudar en las mismas, en coordinaci\u00f3n con el Jefe de Servicio o de Cl\u00ednica en su defecto.\u00a0<\/li><li aria-level=\"1\">Control y seguimiento\u00a0 pre y post operatorio.<\/li><li aria-level=\"1\">Redacci\u00f3n de las historias cl\u00ednicas y colaboraci\u00f3n con el m\u00e9dico adjunto en la evoluci\u00f3n de las mismas y en la atenci\u00f3n m\u00e9dica de internados.<\/li><li aria-level=\"1\">Colaboraci\u00f3n con M\u00e9dico Interno de guardia cuando se requiera.<\/li><\/ul><h3><strong>Historia<\/strong><\/h3><p>En 1947 el Hospital cumpli\u00f3 35 a\u00f1os de vida. En ese entonces, el servicio de Sala de Cirug\u00eda ten\u00eda de jefe al\u00a0<strong>Dr. Ovidio Rosas Costa<\/strong>\u00a0y como adscripto al\u00a0<strong>Dr. El\u00edas Roff\u00e9<\/strong>.<\/p><p>Luego de la construcci\u00f3n del nuevo edificio<em><a href=\"https:\/\/www.hospitalsanroque.gob.ar\/seccion\/articulos\/3\/historia\">\u00a0(finalizada la etapa de transici\u00f3n durante la cu\u00e1l el hospital funcion\u00f3 en la Escuela Hogar)<\/a><\/em>\u00a0la Sala de Cirug\u00eda se encontraba en el \u00e1rea que hoy ocupa el Servicio de Neurolog\u00eda y el de Cuidados Paliativos. En aquel entonces, compart\u00eda espacio con el sector de Cuidados Maternos, el cual posteriormente adopt\u00f3 el nombre de \u00abautocuidado\u00bb. La sala de cirug\u00eda ten\u00eda el quir\u00f3fano enfrente, mientras que el sector de Esterilizaci\u00f3n se ubicaba en la parte posterior.<\/p><p>Esta sala era pr\u00e1ctica pero peque\u00f1a y se compart\u00eda. Posteriormente, se logr\u00f3 gestionar una sala m\u00e1s apropiada y todo lo necesario para los cuidados postquir\u00fargicos inmediatos.<\/p><p>En ese momento el equipo estaba dirigido por el Dr. L\u00f3dolo e integrado por los Dres. Centuri\u00f3n, Sanguineri, Obaid, Beret y El\u00edas. Posteriormente, se incorpor\u00f3 el Dr. Paz. Una d\u00e9cada despu\u00e9s, tambi\u00e9n se sumar\u00edan los Dres. Luchetti y Galli.<\/p><p><em><strong>El a\u00f1o 2002\u00a0<\/strong><\/em>\u00a0se incorporan al servicio como concurrentes la Dra. Lorena Benitez, el Dr. Miguel \u00c1ngel Guti\u00e9rrez (egresado de la Residencia Cx Pedi\u00e1trica de C\u00f3rdoba) y el Dr. Juan Pablo M\u00e9ndez, quienes actualmente forman parte del servicio de cirug\u00eda.<\/p><p><strong>La torre<\/strong><\/p><p>En el a\u00f1o 1997 comenz\u00f3 a construirse la torre finalmente inaugurada el a\u00f1o 2000. Esta importante obra fue una iniciativa de la Asociaci\u00f3n de Familiares y Amigos de Ayuda el Enfermo Hematooncol\u00f3gico de Entre R\u00edos (FAHEER), en 1995. Durante la planificaci\u00f3n del proyecto se tomaron en cuenta las necesidades de los profesionales de cada especialidad, por ello cada piso presenta caracter\u00edsticas propias.<\/p><p>21 a\u00f1os despu\u00e9s, respondiendo al pedido conjunto del Ministerio de Salud y de la Direcci\u00f3n de nuestro Hospital, el Dr. Beret\u00a0asumi\u00f3 la Coordinaci\u00f3n del Servicio de Cirug\u00eda Pedi\u00e1trica con un proyecto de desarrollo del servicio, con el apoayo de las autoridades.<\/p><p>En la actualidad,\u00a0la subjefa a cargo del servicio de Cirug\u00eda es la Dra. Lorena Benitez;\u00a0el Dr. Gutierrez, es el instructor de la Residencia de Cirug\u00eda Pedi\u00e1trica, y el Dr. M\u00e9ndez, es el Coordinador del Centro Quir\u00fargico Pedi\u00e1trico.<\/p><\/div><h3>\u00a0<\/h3>\t\t\t\t\t\t\t\t<\/div>\n\t\t\t\t<\/div>\n\t\t\t\t<\/div>\n\t\t\t\t\t<\/div>\n\t\t\t\t<\/div>\n\t\t\t\t<\/div>\n\t\t\t\t\t<\/details>\n\t\t\t\t\t<\/div>\n\t\t\t\t\t\t<\/div>\n\t\t\t\t<\/div>\n\t\t\t\t\t<\/div>\n\t\t\t\t<\/div>\n\t\t\t\t<\/div>\n\t\t","protected":false},"excerpt":{"rendered":"<p>Servicios Quir\u00fargicos Cirug\u00eda Pedi\u00e1trica Profesionales Subjefe a cargo:\u00a0Dra. Lorena Benitez (mat. 8814). \u00a0 M\u00e9dicos cirujanos:\u00a0 Dr. Guti\u00e9rrez Miquel \u00c1ngel (mat. [&hellip;]<\/p>\n","protected":false},"author":4,"featured_media":0,"parent":0,"menu_order":0,"comment_status":"closed","ping_status":"closed","template":"","meta":{"site-sidebar-layout":"no-sidebar","site-content-layout":"","ast-site-content-layout":"full-width-container","site-content-style":"default","site-sidebar-style":"default","ast-global-header-display":"","ast-banner-title-visibility":"","ast-main-header-display":"","ast-hfb-above-header-display":"","ast-hfb-below-header-display":"","ast-hfb-mobile-header-display":"","site-post-title":"disabled","ast-breadcrumbs-content":"","ast-featured-img":"disabled","footer-sml-layout":"","ast-disable-related-posts":"","theme-transparent-header-meta":"","adv-header-id-meta":"","stick-header-meta":"","header-above-stick-meta":"","header-main-stick-meta":"","header-below-stick-meta":"","astra-migrate-meta-layouts":"default","ast-page-background-enabled":"default","ast-page-background-meta":{"desktop":{"background-color":"var(--ast-global-color-5)","background-image":"","background-repeat":"repeat","background-position":"center center","background-size":"auto","background-attachment":"scroll","background-type":"","background-media":"","overlay-type":"","overlay-color":"","overlay-opacity":"","overlay-gradient":""},"tablet":{"background-color":"","background-image":"","background-repeat":"repeat","background-position":"center center","background-size":"auto","background-attachment":"scroll","background-type":"","background-media":"","overlay-type":"","overlay-color":"","overlay-opacity":"","overlay-gradient":""},"mobile":{"background-color":"","background-image":"","background-repeat":"repeat","background-position":"center center","background-size":"auto","background-attachment":"scroll","background-type":"","background-media":"","overlay-type":"","overlay-color":"","overlay-opacity":"","overlay-gradient":""}},"ast-content-background-meta":{"desktop":{"background-color":"var(--ast-global-color-4)","background-image":"","background-repeat":"repeat","background-position":"center center","background-size":"auto","background-attachment":"scroll","background-type":"","background-media":"","overlay-type":"","overlay-color":"","overlay-opacity":"","overlay-gradient":""},"tablet":{"background-color":"var(--ast-global-color-4)","background-image":"","background-repeat":"repeat","background-position":"center center","background-size":"auto","background-attachment":"scroll","background-type":"","background-media":"","overlay-type":"","overlay-color":"","overlay-opacity":"","overlay-gradient":""},"mobile":{"background-color":"var(--ast-global-color-4)","background-image":"","background-repeat":"repeat","background-position":"center center","background-size":"auto","background-attachment":"scroll","background-type":"","background-media":"","overlay-type":"","overlay-color":"","overlay-opacity":"","overlay-gradient":""}},"footnotes":""},"class_list":["post-885","page","type-page","status-publish","hentry"],"_links":{"self":[{"href":"https:\/\/hospitalsanroque.gob.ar\/index.php\/wp-json\/wp\/v2\/pages\/885","targetHints":{"allow":["GET"]}}],"collection":[{"href":"https:\/\/hospitalsanroque.gob.ar\/index.php\/wp-json\/wp\/v2\/pages"}],"about":[{"href":"https:\/\/hospitalsanroque.gob.ar\/index.php\/wp-json\/wp\/v2\/types\/page"}],"author":[{"embeddable":true,"href":"https:\/\/hospitalsanroque.gob.ar\/index.php\/wp-json\/wp\/v2\/users\/4"}],"replies":[{"embeddable":true,"href":"https:\/\/hospitalsanroque.gob.ar\/index.php\/wp-json\/wp\/v2\/comments?post=885"}],"version-history":[{"count":4,"href":"https:\/\/hospitalsanroque.gob.ar\/index.php\/wp-json\/wp\/v2\/pages\/885\/revisions"}],"predecessor-version":[{"id":890,"href":"https:\/\/hospitalsanroque.gob.ar\/index.php\/wp-json\/wp\/v2\/pages\/885\/revisions\/890"}],"wp:attachment":[{"href":"https:\/\/hospitalsanroque.gob.ar\/index.php\/wp-json\/wp\/v2\/media?parent=885"}],"curies":[{"name":"wp","href":"https:\/\/api.w.org\/{rel}","templated":true}]}}