{"id":974,"date":"2025-10-13T15:24:55","date_gmt":"2025-10-13T18:24:55","guid":{"rendered":"https:\/\/hospitalsanroque.org.ar\/?page_id=974"},"modified":"2025-10-13T15:35:07","modified_gmt":"2025-10-13T18:35:07","slug":"mision-vision-y-valores","status":"publish","type":"page","link":"https:\/\/hospitalsanroque.gob.ar\/index.php\/mision-vision-y-valores\/","title":{"rendered":"Misi\u00f3n, visi\u00f3n y valores"},"content":{"rendered":"\t\t<div data-elementor-type=\"wp-page\" data-elementor-id=\"974\" class=\"elementor elementor-974\">\n\t\t\t\t<div class=\"elementor-element elementor-element-879cb4f e-flex e-con-boxed e-con e-parent\" data-id=\"879cb4f\" data-element_type=\"container\" data-e-type=\"container\" data-settings=\"{&quot;background_background&quot;:&quot;classic&quot;}\">\n\t\t\t\t\t<div class=\"e-con-inner\">\n\t\t\t\t<div class=\"elementor-element elementor-element-9175855 elementor-widget elementor-widget-heading\" data-id=\"9175855\" data-element_type=\"widget\" data-e-type=\"widget\" data-widget_type=\"heading.default\">\n\t\t\t\t<div class=\"elementor-widget-container\">\n\t\t\t\t\t<h2 class=\"elementor-heading-title elementor-size-default\">Misi\u00f3n, visi\u00f3n y valores<\/h2>\t\t\t\t<\/div>\n\t\t\t\t<\/div>\n\t\t\t\t\t<\/div>\n\t\t\t\t<\/div>\n\t\t<div class=\"elementor-element elementor-element-5e52989 e-flex e-con-boxed elementor-invisible e-con e-parent\" data-id=\"5e52989\" data-element_type=\"container\" data-e-type=\"container\" data-settings=\"{&quot;animation&quot;:&quot;fadeIn&quot;}\">\n\t\t\t\t\t<div class=\"e-con-inner\">\n\t\t<div class=\"elementor-element elementor-element-a1e2ab3 e-con-full elementor-hidden-tablet elementor-hidden-mobile e-flex e-con e-child\" data-id=\"a1e2ab3\" data-element_type=\"container\" data-e-type=\"container\">\n\t\t\t\t<\/div>\n\t\t<div class=\"elementor-element elementor-element-4391537 e-con-full e-flex e-con e-child\" data-id=\"4391537\" data-element_type=\"container\" data-e-type=\"container\">\n\t\t\t\t<div class=\"elementor-element elementor-element-088a21d elementor-widget elementor-widget-heading\" data-id=\"088a21d\" data-element_type=\"widget\" data-e-type=\"widget\" data-widget_type=\"heading.default\">\n\t\t\t\t<div class=\"elementor-widget-container\">\n\t\t\t\t\t<h2 class=\"elementor-heading-title elementor-size-default\">Aqu\u00ed presentamos 3 conceptos centrales para orientar las acciones de nuestro hospital:\n\n<\/h2>\t\t\t\t<\/div>\n\t\t\t\t<\/div>\n\t\t\t\t<div class=\"elementor-element elementor-element-4f5b6c0 elementor-widget elementor-widget-text-editor\" data-id=\"4f5b6c0\" data-element_type=\"widget\" data-e-type=\"widget\" data-widget_type=\"text-editor.default\">\n\t\t\t\t<div class=\"elementor-widget-container\">\n\t\t\t\t\t\t\t\t\t<h3 id=\"mcetoc_1dk3o6qotq\">Misi\u00f3n<\/h3><p><strong>\u00bfCu\u00e1l es nuestra raz\u00f3n de ser? \u00bfPara qu\u00e9 trabajamos?<\/strong><\/p><p>Este es nuestro objetivo siempre visto a largo plazo<br \/>&lt;<strong>Proteger, promover y restituir<\/strong>\u00a0la salud de la madre y el ni\u00f1o desde su concepci\u00f3n,\u00a0 hasta\u00a0los 15 a\u00f1os, con una atenci\u00f3n acorde a su nivel de complejidad, en todos los pacientes de la Provincia de Entre R\u00edos\u00a0que asistan a nuestra instituci\u00f3n.<\/p><h3 id=\"mcetoc_1dk3o6qotr\">Visi\u00f3n<\/h3><p>Tenemos una \u00abvisi\u00f3n\u00bb del tipo de organizaci\u00f3n que queremos ser, este concepto nos gu\u00eda en\u00a0 y trabajamos trabajamos para ello.<br \/>Ser una organizaci\u00f3n moderna, innovadora y eficiente, que vaya a la vanguardia del sistema sanitario provincial, que transmita valores como solidaridad, confianza, calidad y prestigio, a toda la comunidad; cuidando a los pacientes y su entorno, incluido el medio ambiente.<\/p><h3 id=\"mcetoc_1dk3orvv1t\">Valores<\/h3><ul><li><span class=\"fontstyle0\">Compromiso humano\u00a0<\/span><\/li><li><span class=\"fontstyle2\">\u00a0<\/span><span class=\"fontstyle0\">Solidaridad\u00a0<\/span><\/li><li><span class=\"fontstyle0\">Conocimiento t\u00e9cnico y cient\u00edfico\u00a0<\/span><\/li><li><span class=\"fontstyle0\">Innovaci\u00f3n <\/span><\/li><li><span class=\"fontstyle2\">\u00a0E<\/span><span class=\"fontstyle0\">ficiencia<\/span><\/li><li><span class=\"fontstyle0\">Calidad de atenci\u00f3n\u00a0<\/span><\/li><li><span class=\"fontstyle0\">Empat\u00eda\u00a0<\/span><\/li><li><span class=\"fontstyle0\">Contenci\u00f3n personal y familiar<\/span><\/li><\/ul>\t\t\t\t\t\t\t\t<\/div>\n\t\t\t\t<\/div>\n\t\t\t\t<\/div>\n\t\t<div class=\"elementor-element elementor-element-cdfcec2 e-con-full elementor-hidden-tablet elementor-hidden-mobile e-flex e-con e-child\" data-id=\"cdfcec2\" data-element_type=\"container\" data-e-type=\"container\">\n\t\t\t\t<\/div>\n\t\t\t\t\t<\/div>\n\t\t\t\t<\/div>\n\t\t\t\t<\/div>\n\t\t","protected":false},"excerpt":{"rendered":"<p>Misi\u00f3n, visi\u00f3n y valores Aqu\u00ed presentamos 3 conceptos centrales para orientar las acciones de nuestro hospital: Misi\u00f3n \u00bfCu\u00e1l es nuestra [&hellip;]<\/p>\n","protected":false},"author":4,"featured_media":0,"parent":0,"menu_order":0,"comment_status":"closed","ping_status":"closed","template":"","meta":{"site-sidebar-layout":"no-sidebar","site-content-layout":"","ast-site-content-layout":"full-width-container","site-content-style":"default","site-sidebar-style":"default","ast-global-header-display":"","ast-banner-title-visibility":"","ast-main-header-display":"","ast-hfb-above-header-display":"","ast-hfb-below-header-display":"","ast-hfb-mobile-header-display":"","site-post-title":"disabled","ast-breadcrumbs-content":"","ast-featured-img":"disabled","footer-sml-layout":"","ast-disable-related-posts":"","theme-transparent-header-meta":"","adv-header-id-meta":"","stick-header-meta":"","header-above-stick-meta":"","header-main-stick-meta":"","header-below-stick-meta":"","astra-migrate-meta-layouts":"default","ast-page-background-enabled":"default","ast-page-background-meta":{"desktop":{"background-color":"var(--ast-global-color-5)","background-image":"","background-repeat":"repeat","background-position":"center center","background-size":"auto","background-attachment":"scroll","background-type":"","background-media":"","overlay-type":"","overlay-color":"","overlay-opacity":"","overlay-gradient":""},"tablet":{"background-color":"","background-image":"","background-repeat":"repeat","background-position":"center center","background-size":"auto","background-attachment":"scroll","background-type":"","background-media":"","overlay-type":"","overlay-color":"","overlay-opacity":"","overlay-gradient":""},"mobile":{"background-color":"","background-image":"","background-repeat":"repeat","background-position":"center center","background-size":"auto","background-attachment":"scroll","background-type":"","background-media":"","overlay-type":"","overlay-color":"","overlay-opacity":"","overlay-gradient":""}},"ast-content-background-meta":{"desktop":{"background-color":"var(--ast-global-color-4)","background-image":"","background-repeat":"repeat","background-position":"center center","background-size":"auto","background-attachment":"scroll","background-type":"","background-media":"","overlay-type":"","overlay-color":"","overlay-opacity":"","overlay-gradient":""},"tablet":{"background-color":"var(--ast-global-color-4)","background-image":"","background-repeat":"repeat","background-position":"center center","background-size":"auto","background-attachment":"scroll","background-type":"","background-media":"","overlay-type":"","overlay-color":"","overlay-opacity":"","overlay-gradient":""},"mobile":{"background-color":"var(--ast-global-color-4)","background-image":"","background-repeat":"repeat","background-position":"center center","background-size":"auto","background-attachment":"scroll","background-type":"","background-media":"","overlay-type":"","overlay-color":"","overlay-opacity":"","overlay-gradient":""}},"footnotes":""},"class_list":["post-974","page","type-page","status-publish","hentry"],"_links":{"self":[{"href":"https:\/\/hospitalsanroque.gob.ar\/index.php\/wp-json\/wp\/v2\/pages\/974","targetHints":{"allow":["GET"]}}],"collection":[{"href":"https:\/\/hospitalsanroque.gob.ar\/index.php\/wp-json\/wp\/v2\/pages"}],"about":[{"href":"https:\/\/hospitalsanroque.gob.ar\/index.php\/wp-json\/wp\/v2\/types\/page"}],"author":[{"embeddable":true,"href":"https:\/\/hospitalsanroque.gob.ar\/index.php\/wp-json\/wp\/v2\/users\/4"}],"replies":[{"embeddable":true,"href":"https:\/\/hospitalsanroque.gob.ar\/index.php\/wp-json\/wp\/v2\/comments?post=974"}],"version-history":[{"count":4,"href":"https:\/\/hospitalsanroque.gob.ar\/index.php\/wp-json\/wp\/v2\/pages\/974\/revisions"}],"predecessor-version":[{"id":978,"href":"https:\/\/hospitalsanroque.gob.ar\/index.php\/wp-json\/wp\/v2\/pages\/974\/revisions\/978"}],"wp:attachment":[{"href":"https:\/\/hospitalsanroque.gob.ar\/index.php\/wp-json\/wp\/v2\/media?parent=974"}],"curies":[{"name":"wp","href":"https:\/\/api.w.org\/{rel}","templated":true}]}}